{"id":2182,"date":"2024-01-05T17:43:46","date_gmt":"2024-01-05T17:43:46","guid":{"rendered":"http:\/\/dupuyasesores.es\/?page_id=2182"},"modified":"2024-01-16T20:18:43","modified_gmt":"2024-01-16T20:18:43","slug":"blog","status":"publish","type":"page","link":"https:\/\/dupuyasesores.es\/en\/blog\/","title":{"rendered":"Blog"},"content":{"rendered":"<div data-elementor-type=\"wp-page\" data-elementor-id=\"2182\" class=\"elementor elementor-2182\" data-elementor-post-type=\"page\">\n\t\t\t\t<div class=\"elementor-element elementor-element-10ac60e e-flex e-con-boxed e-con e-parent\" data-id=\"10ac60e\" data-element_type=\"container\" data-settings=\"{&quot;background_background&quot;:&quot;classic&quot;}\">\n\t\t\t\t\t<div class=\"e-con-inner\">\n\t\t<div class=\"elementor-element elementor-element-a7bec28 e-con-full e-flex e-con e-child\" data-id=\"a7bec28\" data-element_type=\"container\">\n\t\t\t\t<div class=\"elementor-element elementor-element-503cedc elementor-widget-divider--view-line elementor-widget elementor-widget-divider\" data-id=\"503cedc\" data-element_type=\"widget\" data-widget_type=\"divider.default\">\n\t\t\t\t<div class=\"elementor-widget-container\">\n\t\t\t\t\t\t\t<div class=\"elementor-divider\">\n\t\t\t<span class=\"elementor-divider-separator\">\n\t\t\t\t\t\t<\/span>\n\t\t<\/div>\n\t\t\t\t\t\t<\/div>\n\t\t\t\t<\/div>\n\t\t\t\t<div class=\"elementor-element elementor-element-b8e2372 elementor-widget elementor-widget-heading\" data-id=\"b8e2372\" data-element_type=\"widget\" data-widget_type=\"heading.default\">\n\t\t\t\t<div class=\"elementor-widget-container\">\n\t\t\t\t\t<h6 class=\"elementor-heading-title elementor-size-default\">Blog<\/h6>\t\t\t\t<\/div>\n\t\t\t\t<\/div>\n\t\t\t\t<div class=\"elementor-element elementor-element-6629392 elementor-widget elementor-widget-heading\" data-id=\"6629392\" data-element_type=\"widget\" data-widget_type=\"heading.default\">\n\t\t\t\t<div class=\"elementor-widget-container\">\n\t\t\t\t\t<h1 class=\"elementor-heading-title elementor-size-default\"> Dupuy Advisors in Valencia<\/h1>\t\t\t\t<\/div>\n\t\t\t\t<\/div>\n\t\t\t\t<\/div>\n\t\t\t\t\t<\/div>\n\t\t\t\t<\/div>\n\t\t<div class=\"elementor-element elementor-element-fb30919 e-flex e-con-boxed e-con e-parent\" data-id=\"fb30919\" data-element_type=\"container\">\n\t\t\t\t\t<div class=\"e-con-inner\">\n\t\t<div class=\"elementor-element elementor-element-0377003 e-con-full e-flex e-con e-child\" data-id=\"0377003\" data-element_type=\"container\">\n\t\t\t\t<div class=\"elementor-element elementor-element-163a01d elementor-widget-divider--view-line elementor-widget elementor-widget-divider\" data-id=\"163a01d\" data-element_type=\"widget\" data-widget_type=\"divider.default\">\n\t\t\t\t<div class=\"elementor-widget-container\">\n\t\t\t\t\t\t\t<div class=\"elementor-divider\">\n\t\t\t<span class=\"elementor-divider-separator\">\n\t\t\t\t\t\t<\/span>\n\t\t<\/div>\n\t\t\t\t\t\t<\/div>\n\t\t\t\t<\/div>\n\t\t\t\t<div class=\"elementor-element elementor-element-ccdc13b elementor-widget elementor-widget-heading\" data-id=\"ccdc13b\" data-element_type=\"widget\" data-widget_type=\"heading.default\">\n\t\t\t\t<div class=\"elementor-widget-container\">\n\t\t\t\t\t<h2 class=\"elementor-heading-title elementor-size-default\">Dupuy Asesores blog in Valencia<\/h2>\t\t\t\t<\/div>\n\t\t\t\t<\/div>\n\t\t\t\t<div class=\"elementor-element elementor-element-ded6020 elementor-widget__width-inherit elementor-widget elementor-widget-text-editor\" data-id=\"ded6020\" data-element_type=\"widget\" data-e-type=\"widget\" data-widget_type=\"text-editor.default\">\n\t\t\t\t<div class=\"elementor-widget-container\">\n\t\t\t\t\t\t\t\t\t<p><span style=\"font-weight: 400;\">Stay informed about tax, accounting, labor and legal issues in Valencia. Our blog offers relevant advice and news for companies, freelancers and individuals.<\/span><\/p>\t\t\t\t\t\t\t\t<\/div>\n\t\t\t\t<\/div>\n\t\t\t\t<div class=\"elementor-element elementor-element-a16e1f6 elementor-widget elementor-widget-button\" data-id=\"a16e1f6\" data-element_type=\"widget\" data-widget_type=\"button.default\">\n\t\t\t\t<div class=\"elementor-widget-container\">\n\t\t\t\t\t\t\t\t\t<div class=\"elementor-button-wrapper\">\n\t\t\t\t\t<a class=\"elementor-button elementor-button-link elementor-size-sm\" href=\"#articulosdupuy\">\n\t\t\t\t\t\t<span class=\"elementor-button-content-wrapper\">\n\t\t\t\t\t\t\t\t\t<span class=\"elementor-button-text\">Explore Our Articles<\/span>\n\t\t\t\t\t<\/span>\n\t\t\t\t\t<\/a>\n\t\t\t\t<\/div>\n\t\t\t\t\t\t\t\t<\/div>\n\t\t\t\t<\/div>\n\t\t\t\t<\/div>\n\t\t\t\t\t<\/div>\n\t\t\t\t<\/div>\n\t\t<div class=\"elementor-element elementor-element-5b1cfec e-flex e-con-boxed e-con e-parent\" data-id=\"5b1cfec\" data-element_type=\"container\" id=\"articulosdupuy\">\n\t\t\t\t\t<div class=\"e-con-inner\">\n\t\t<div class=\"elementor-element elementor-element-30436de e-con-full e-flex e-con e-child\" data-id=\"30436de\" data-element_type=\"container\">\n\t\t\t\t<div class=\"elementor-element elementor-element-5e0d2c9 elementor-widget elementor-widget-heading\" data-id=\"5e0d2c9\" data-element_type=\"widget\" data-widget_type=\"heading.default\">\n\t\t\t\t<div class=\"elementor-widget-container\">\n\t\t\t\t\t<h2 class=\"elementor-heading-title elementor-size-default\">How to Optimize Your Taxes as a Self-Employed in Valencia<\/h2>\t\t\t\t<\/div>\n\t\t\t\t<\/div>\n\t\t\t\t<div class=\"elementor-element elementor-element-6be519a elementor-widget elementor-widget-image\" data-id=\"6be519a\" data-element_type=\"widget\" data-widget_type=\"image.default\">\n\t\t\t\t<div class=\"elementor-widget-container\">\n\t\t\t\t\t\t\t\t\t\t\t\t<figure class=\"wp-caption\">\n\t\t\t\t\t\t\t\t\t\t<img fetchpriority=\"high\" decoding=\"async\" width=\"300\" height=\"177\" src=\"https:\/\/dupuyasesores.es\/wp-content\/uploads\/2024\/01\/calculator-calculation-insurance-385506-300x177.jpg\" class=\"attachment-medium size-medium wp-image-2044\" alt=\"calculator, calculation, insurance-385506.jpg\" srcset=\"https:\/\/dupuyasesores.es\/wp-content\/uploads\/2024\/01\/calculator-calculation-insurance-385506-300x177.jpg 300w, https:\/\/dupuyasesores.es\/wp-content\/uploads\/2024\/01\/calculator-calculation-insurance-385506-1024x603.jpg 1024w, https:\/\/dupuyasesores.es\/wp-content\/uploads\/2024\/01\/calculator-calculation-insurance-385506-768x452.jpg 768w, https:\/\/dupuyasesores.es\/wp-content\/uploads\/2024\/01\/calculator-calculation-insurance-385506.jpg 1280w\" sizes=\"(max-width: 300px) 100vw, 300px\" \/>\t\t\t\t\t\t\t\t\t\t\t<figcaption class=\"widget-image-caption wp-caption-text\">Discover effective strategies to reduce your taxes and maximize your income as a freelancer in Valencia.<\/figcaption>\n\t\t\t\t\t\t\t\t\t\t<\/figure>\n\t\t\t\t\t\t\t\t\t<\/div>\n\t\t\t\t<\/div>\n\t\t\t\t<\/div>\n\t\t<div class=\"elementor-element elementor-element-8dbd2c6 e-con-full e-flex e-con e-child\" data-id=\"8dbd2c6\" data-element_type=\"container\">\n\t\t\t\t<div class=\"elementor-element elementor-element-233160c elementor-widget elementor-widget-heading\" data-id=\"233160c\" data-element_type=\"widget\" data-widget_type=\"heading.default\">\n\t\t\t\t<div class=\"elementor-widget-container\">\n\t\t\t\t\t<h2 class=\"elementor-heading-title elementor-size-default\">The Most Relevant Legal Changes for Companies in 2023<\/h2>\t\t\t\t<\/div>\n\t\t\t\t<\/div>\n\t\t\t\t<div class=\"elementor-element elementor-element-ae134c0 elementor-widget elementor-widget-image\" data-id=\"ae134c0\" data-element_type=\"widget\" data-widget_type=\"image.default\">\n\t\t\t\t<div class=\"elementor-widget-container\">\n\t\t\t\t\t\t\t\t\t\t\t\t<figure class=\"wp-caption\">\n\t\t\t\t\t\t\t\t\t\t<img decoding=\"async\" width=\"1280\" height=\"864\" src=\"https:\/\/dupuyasesores.es\/wp-content\/uploads\/2024\/01\/labor-law-lawyer-3485805.jpg\" class=\"attachment-full size-full wp-image-2045\" alt=\"labor, law, lawyer-3485805.jpg\" srcset=\"https:\/\/dupuyasesores.es\/wp-content\/uploads\/2024\/01\/labor-law-lawyer-3485805.jpg 1280w, https:\/\/dupuyasesores.es\/wp-content\/uploads\/2024\/01\/labor-law-lawyer-3485805-300x203.jpg 300w, https:\/\/dupuyasesores.es\/wp-content\/uploads\/2024\/01\/labor-law-lawyer-3485805-1024x691.jpg 1024w, https:\/\/dupuyasesores.es\/wp-content\/uploads\/2024\/01\/labor-law-lawyer-3485805-768x518.jpg 768w\" sizes=\"(max-width: 1280px) 100vw, 1280px\" \/>\t\t\t\t\t\t\t\t\t\t\t<figcaption class=\"widget-image-caption wp-caption-text\">Stay up to date with the latest legal changes affecting businesses in Valencia this year.<\/figcaption>\n\t\t\t\t\t\t\t\t\t\t<\/figure>\n\t\t\t\t\t\t\t\t\t<\/div>\n\t\t\t\t<\/div>\n\t\t\t\t<\/div>\n\t\t<div class=\"elementor-element elementor-element-4108eb7 e-con-full e-flex e-con e-child\" data-id=\"4108eb7\" data-element_type=\"container\">\n\t\t\t\t<div class=\"elementor-element elementor-element-bb88876 elementor-widget elementor-widget-heading\" data-id=\"bb88876\" data-element_type=\"widget\" data-widget_type=\"heading.default\">\n\t\t\t\t<div class=\"elementor-widget-container\">\n\t\t\t\t\t<h2 class=\"elementor-heading-title elementor-size-default\">How to Optimize Your Taxes as a Self-Employed in Valencia<\/h2>\t\t\t\t<\/div>\n\t\t\t\t<\/div>\n\t\t\t\t<div class=\"elementor-element elementor-element-6fed252 elementor-widget elementor-widget-image\" data-id=\"6fed252\" data-element_type=\"widget\" data-widget_type=\"image.default\">\n\t\t\t\t<div class=\"elementor-widget-container\">\n\t\t\t\t\t\t\t\t\t\t\t\t<figure class=\"wp-caption\">\n\t\t\t\t\t\t\t\t\t\t<img decoding=\"async\" width=\"300\" height=\"158\" src=\"https:\/\/dupuyasesores.es\/wp-content\/uploads\/2024\/01\/together-earth-people-2450090-300x158.jpg\" class=\"attachment-medium size-medium wp-image-2046\" alt=\"together, earth, people-2450090.jpg\" srcset=\"https:\/\/dupuyasesores.es\/wp-content\/uploads\/2024\/01\/together-earth-people-2450090-300x158.jpg 300w, https:\/\/dupuyasesores.es\/wp-content\/uploads\/2024\/01\/together-earth-people-2450090-1024x538.jpg 1024w, https:\/\/dupuyasesores.es\/wp-content\/uploads\/2024\/01\/together-earth-people-2450090-768x403.jpg 768w, https:\/\/dupuyasesores.es\/wp-content\/uploads\/2024\/01\/together-earth-people-2450090.jpg 1280w\" sizes=\"(max-width: 300px) 100vw, 300px\" \/>\t\t\t\t\t\t\t\t\t\t\t<figcaption class=\"widget-image-caption wp-caption-text\">Discover how to effectively manage your human resources and promote the growth of your company in Valencia.<\/figcaption>\n\t\t\t\t\t\t\t\t\t\t<\/figure>\n\t\t\t\t\t\t\t\t\t<\/div>\n\t\t\t\t<\/div>\n\t\t\t\t<\/div>\n\t\t\t\t\t<\/div>\n\t\t\t\t<\/div>\n\t\t<div class=\"elementor-element elementor-element-73efaae e-flex e-con-boxed e-con e-parent\" data-id=\"73efaae\" data-element_type=\"container\">\n\t\t\t\t\t<div class=\"e-con-inner\">\n\t\t\t\t\t<\/div>\n\t\t\t\t<\/div>\n\t\t<div class=\"elementor-element elementor-element-881c38e e-flex e-con-boxed e-con e-parent\" data-id=\"881c38e\" data-element_type=\"container\">\n\t\t\t\t\t<div class=\"e-con-inner\">\n\t\t\t\t\t<\/div>\n\t\t\t\t<\/div>\n\t\t<div class=\"elementor-element elementor-element-5e08c8e e-flex e-con-boxed e-con e-parent\" data-id=\"5e08c8e\" data-element_type=\"container\">\n\t\t\t\t\t<div class=\"e-con-inner\">\n\t\t\t\t<div class=\"elementor-element elementor-element-2b92d1a elementor-widget elementor-widget-spacer\" data-id=\"2b92d1a\" data-element_type=\"widget\" data-widget_type=\"spacer.default\">\n\t\t\t\t<div class=\"elementor-widget-container\">\n\t\t\t\t\t\t\t<div class=\"elementor-spacer\">\n\t\t\t<div class=\"elementor-spacer-inner\"><\/div>\n\t\t<\/div>\n\t\t\t\t\t\t<\/div>\n\t\t\t\t<\/div>\n\t\t\t\t\t<\/div>\n\t\t\t\t<\/div>\n\t\t\t\t<\/div>","protected":false},"excerpt":{"rendered":"<p>Blog Dupuy Asesores en Valencia Blog de Dupuy Asesores en Valencia Mantente informado sobre temas fiscales, contables, laborales y jur\u00eddicos en Valencia. Nuestro blog ofrece consejos y noticias relevantes para empresas, aut\u00f3nomos y particulares. Explora Nuestros Art\u00edculos C\u00f3mo Optimizar tus Impuestos como Aut\u00f3nomo en Valencia\u200b Descubre estrategias efectivas para reducir tus impuestos y maximizar tus [&hellip;]<\/p>\n","protected":false},"author":2,"featured_media":0,"parent":0,"menu_order":0,"comment_status":"closed","ping_status":"closed","template":"elementor_theme","meta":{"site-sidebar-layout":"no-sidebar","site-content-layout":"page-builder","ast-site-content-layout":"default","site-content-style":"default","site-sidebar-style":"default","ast-global-header-display":"","ast-banner-title-visibility":"","ast-main-header-display":"","ast-hfb-above-header-display":"","ast-hfb-below-header-display":"","ast-hfb-mobile-header-display":"","site-post-title":"disabled","ast-breadcrumbs-content":"disabled","ast-featured-img":"disabled","footer-sml-layout":"","ast-disable-related-posts":"","theme-transparent-header-meta":"enabled","adv-header-id-meta":"","stick-header-meta":"","header-above-stick-meta":"","header-main-stick-meta":"","header-below-stick-meta":"","astra-migrate-meta-layouts":"default","ast-page-background-enabled":"default","ast-page-background-meta":{"desktop":{"background-color":"","background-image":"","background-repeat":"repeat","background-position":"center center","background-size":"auto","background-attachment":"scroll","background-type":"","background-media":"","overlay-type":"","overlay-color":"","overlay-opacity":"","overlay-gradient":""},"tablet":{"background-color":"","background-image":"","background-repeat":"repeat","background-position":"center center","background-size":"auto","background-attachment":"scroll","background-type":"","background-media":"","overlay-type":"","overlay-color":"","overlay-opacity":"","overlay-gradient":""},"mobile":{"background-color":"","background-image":"","background-repeat":"repeat","background-position":"center center","background-size":"auto","background-attachment":"scroll","background-type":"","background-media":"","overlay-type":"","overlay-color":"","overlay-opacity":"","overlay-gradient":""}},"ast-content-background-meta":{"desktop":{"background-color":"var(--ast-global-color-5)","background-image":"","background-repeat":"repeat","background-position":"center center","background-size":"auto","background-attachment":"scroll","background-type":"","background-media":"","overlay-type":"","overlay-color":"","overlay-opacity":"","overlay-gradient":""},"tablet":{"background-color":"var(--ast-global-color-5)","background-image":"","background-repeat":"repeat","background-position":"center center","background-size":"auto","background-attachment":"scroll","background-type":"","background-media":"","overlay-type":"","overlay-color":"","overlay-opacity":"","overlay-gradient":""},"mobile":{"background-color":"var(--ast-global-color-5)","background-image":"","background-repeat":"repeat","background-position":"center center","background-size":"auto","background-attachment":"scroll","background-type":"","background-media":"","overlay-type":"","overlay-color":"","overlay-opacity":"","overlay-gradient":""}},"footnotes":""},"class_list":["post-2182","page","type-page","status-publish","hentry"],"_links":{"self":[{"href":"https:\/\/dupuyasesores.es\/en\/wp-json\/wp\/v2\/pages\/2182","targetHints":{"allow":["GET"]}}],"collection":[{"href":"https:\/\/dupuyasesores.es\/en\/wp-json\/wp\/v2\/pages"}],"about":[{"href":"https:\/\/dupuyasesores.es\/en\/wp-json\/wp\/v2\/types\/page"}],"author":[{"embeddable":true,"href":"https:\/\/dupuyasesores.es\/en\/wp-json\/wp\/v2\/users\/2"}],"replies":[{"embeddable":true,"href":"https:\/\/dupuyasesores.es\/en\/wp-json\/wp\/v2\/comments?post=2182"}],"version-history":[{"count":15,"href":"https:\/\/dupuyasesores.es\/en\/wp-json\/wp\/v2\/pages\/2182\/revisions"}],"predecessor-version":[{"id":2377,"href":"https:\/\/dupuyasesores.es\/en\/wp-json\/wp\/v2\/pages\/2182\/revisions\/2377"}],"wp:attachment":[{"href":"https:\/\/dupuyasesores.es\/en\/wp-json\/wp\/v2\/media?parent=2182"}],"curies":[{"name":"wp","href":"https:\/\/api.w.org\/{rel}","templated":true}]}}